{"id":1990,"date":"2014-08-21T10:24:20","date_gmt":"2014-08-21T15:24:20","guid":{"rendered":"http:\/\/winedarksea.org\/?page_id=1990"},"modified":"2017-05-02T02:24:00","modified_gmt":"2017-05-02T07:24:00","slug":"publications","status":"publish","type":"page","link":"https:\/\/winedarksea.org\/?page_id=1990","title":{"rendered":"Publications"},"content":{"rendered":"<p>This is a list of publications by Michael Witmore and Jonathan Hope (and collaborators) relating to the themes of this blog.<\/p>\n<p>If publications are open access on-line, there will be a link to them.<\/p>\n<p>Other publications will have full details and (where possible) a downloadable pre-print version. If we have posted something you think we shouldn&#8217;t have, please contact us to request it be taken down (jonathan.r.hope@strath.ac.uk).<\/p>\n<p><span style=\"color: #ff0000;\">2004<\/span><\/p>\n<p>Jonathan Hope and Michael Witmore, <span style=\"color: #0000ff;\"><a href=\"http:\/\/www.shu.ac.uk\/emls\/09-3\/hopewhit.htm\"><span style=\"color: #0000ff;\">\u201cThe very large textual object: a prosthetic reading of Shakespeare\u201d<\/span><\/a><\/span>, <em>Early Modern Literary Studies<\/em>, 9.3, Special Issue 12, January 2004, 6.1-36<\/p>\n<p><span style=\"color: #ff0000;\">2007<\/span><\/p>\n<p>Michael Witmore and Jonathan Hope, \u201cShakespeare by the Numbers: On the Linguistic Texture of the Late Plays\u201d, in Subha Mukherji and Raphael Lynne, eds, <em>Early Modern Tragicomedy<\/em>, Cambridge, D.S. Brewer, 2007, pp. 133-153 \u00a0PDF:\u00a0<span style=\"color: #0000ff;\"><a href=\"http:\/\/winedarksea.org\/wp-content\/uploads\/2014\/08\/Witmore-Hope-2007.pdf\"><span style=\"color: #0000ff;\">Witmore Hope 2007<\/span><\/a><\/span><\/p>\n<p><span style=\"color: #ff0000;\">2010<\/span><\/p>\n<p>Jonathan Hope and Michael Witmore, <span style=\"color: #0000ff;\"><a href=\"http:\/\/muse.jhu.edu\/journals\/shakespeare_quarterly\/toc\/shq.61.3.html\"><span style=\"color: #0000ff;\">\u201cThe hundredth psalm to the tune of \u2018Green Sleeves\u2019: Digital Approaches to the Language of Genre\u201d<\/span><\/a><\/span>, <em>Shakespeare Quarterly<\/em>, 61, no. 3, Fall 2010, pp. 357-90 PDF:\u00a0<span style=\"color: #0000ff;\"><a href=\"http:\/\/winedarksea.org\/wp-content\/uploads\/2014\/08\/05.61.3.Hope_.Witmore.Color_.pdf\"><span style=\"color: #0000ff;\">05.61.3.Hope.Witmore.Color<\/span><\/a><\/span><\/p>\n<p><span style=\"color: #ff0000;\">2012<\/span><\/p>\n<p>Michael Witmore and Jonathan Hope, \u201cApr\u00e8s le d\u00e9luge, More Criticism: Philology, Literary History and Ancestral Reading in the Coming Post-Transcription World\u201d, <em>Renaissance Drama<\/em>, 40, 2012, pp. 135-50 PDF:\u00a0<span style=\"color: #0000ff;\"><a href=\"http:\/\/winedarksea.org\/wp-content\/uploads\/2014\/08\/HopeWitmoreApresDeluge-WNW2.pdf\"><span style=\"color: #0000ff;\">HopeWitmoreApresDeluge WNW2<\/span><\/a><\/span><\/p>\n<p><span style=\"color: #ff0000;\">2014<\/span><\/p>\n<p>Jonathan Hope and Michael Witmore, \u201cThe Language of <em>Macbeth<\/em>\u201d, chapter in <em>Macbeth: The State of Play<\/em>, edited by Ann Thompson, London, Bloomsbury (Arden), 2014, pp. 183-208 PDF:\u00a0<span style=\"color: #0000ff;\"><a href=\"http:\/\/winedarksea.org\/wp-content\/uploads\/2014\/02\/Macbeth-language-HW2014.pdf\"><span style=\"color: #0000ff;\">Macbeth language HW2014<\/span><\/a><\/span><\/p>\n<p><span style=\"color: #000000;\">Jonathan\u00a0Hope\u00a0et Michael\u00a0Witmore, <span style=\"color: #0000ff;\"><a href=\"http:\/\/shakespeare.revues.org\/2830\"><span style=\"color: #0000ff;\">\u00ab\u00a0Quantification and the language of later Shakespeare\u00a0\u00bb<\/span><\/a><\/span>,\u00a0<\/span><em style=\"color: #000000;\">Actes des congr\u00e8s de la Soci\u00e9t\u00e9 fran\u00e7aise Shakespeare<\/em><span style=\"color: #000000;\">\u00a0[En ligne], 31\u00a0|\u00a02014<\/span><\/p>\n<p>Jonathan Hope and Michael Witmore, &#8216;<span style=\"color: #0000ff;\"><a href=\"http:\/\/globetoglobehamlet.tumblr.com\/post\/84210842638\/hamlet-in-five-words-by-jonathan-hope-michael-witmore\"><span style=\"color: #0000ff;\"><em>Hamlet<\/em> in Five Words<\/span><\/a><\/span>&#8216;,\u00a0<em>Globe to Globe Hamlet Blog<\/em><\/p>\n<p><span style=\"color: #ff0000;\">2016<\/span><\/p>\n<p>Michael Witmore and Jonathan Hope, &#8216;Books in Space: Adjacency, EEBO-TCP, and Early-Modern Dramatists&#8217;, in Laura Estill, Diane K. Jakacki, and Michael Ullyot (eds),\u00a0<em>Early Modern Studies After the Digital Turn, pp. 9-34 <span style=\"color: #0000ff;\"><a style=\"color: #0000ff;\" href=\"http:\/\/winedarksea.org\/wp-content\/uploads\/2014\/08\/02-Witmore-and-Hope-3-copy.pdf\">02 Witmore and Hope-3 copy<\/a><\/span><\/em><\/p>\n<p>Michael Witmore, Jonathan Hope, and Michael Gleicher, \u2018<span style=\"color: #0000ff;\"><a style=\"color: #0000ff;\" href=\"http:\/\/winedarksea.org\/wp-content\/uploads\/2014\/09\/Digital-approaches-to-Shakespearean-tragedy.pdf\">Digital approaches to Shakespearean tragedy<\/a><\/span>\u2019, in Michael Neill and David Schalkwyk (eds),\u00a0<em>The Oxford Handbook of Shakespearean Tragedy<\/em>\u00a0(Oxford), pp. 316-335<\/p>\n<p><span style=\"color: #ff0000;\">2017\u00a0<\/span><\/p>\n<p><span style=\"color: #000000;\">Anupam Basu, Jonathan Hope, and Michael Witmore, \u2018The professional and linguistic communities of Early Modern dramatists\u2019,\u00a0 in Roger Sell, Anthony W. Johnson, and Helen Wilcox (eds), <em>Community-making in\u00a0<\/em><\/span><span style=\"color: #000000;\"><em>Early Stuart Theatres: Stage and Audience<\/em>\u00a0 (Ashgate), pp. 61-94\u00a0<span style=\"color: #0000ff;\"><a href=\"http:\/\/winedarksea.org\/wp-content\/uploads\/2014\/08\/WH7-Networks-and-Communities.pdf\"><span style=\"color: #0000ff;\">WH7 Networks and Communities<\/span><\/a><\/span><\/span><\/p>\n<p>&nbsp;<\/p>\n<p>&nbsp;<\/p>\n","protected":false},"excerpt":{"rendered":"<p>This is a list of publications by Michael Witmore and Jonathan Hope (and collaborators) relating to the themes of this blog. If publications are open access on-line, there will be a link to them. Other publications will have full details and (where possible) a downloadable pre-print version. If we have posted something you think we [&hellip;]<\/p>\n","protected":false},"author":4,"featured_media":0,"parent":0,"menu_order":0,"comment_status":"open","ping_status":"open","template":"","meta":{"footnotes":""},"class_list":["post-1990","page","type-page","status-publish","hentry"],"_links":{"self":[{"href":"https:\/\/winedarksea.org\/index.php?rest_route=\/wp\/v2\/pages\/1990","targetHints":{"allow":["GET"]}}],"collection":[{"href":"https:\/\/winedarksea.org\/index.php?rest_route=\/wp\/v2\/pages"}],"about":[{"href":"https:\/\/winedarksea.org\/index.php?rest_route=\/wp\/v2\/types\/page"}],"author":[{"embeddable":true,"href":"https:\/\/winedarksea.org\/index.php?rest_route=\/wp\/v2\/users\/4"}],"replies":[{"embeddable":true,"href":"https:\/\/winedarksea.org\/index.php?rest_route=%2Fwp%2Fv2%2Fcomments&post=1990"}],"version-history":[{"count":15,"href":"https:\/\/winedarksea.org\/index.php?rest_route=\/wp\/v2\/pages\/1990\/revisions"}],"predecessor-version":[{"id":2701,"href":"https:\/\/winedarksea.org\/index.php?rest_route=\/wp\/v2\/pages\/1990\/revisions\/2701"}],"wp:attachment":[{"href":"https:\/\/winedarksea.org\/index.php?rest_route=%2Fwp%2Fv2%2Fmedia&parent=1990"}],"curies":[{"name":"wp","href":"https:\/\/api.w.org\/{rel}","templated":true}]}}