{"id":1956,"date":"2014-08-18T08:35:32","date_gmt":"2014-08-18T13:35:32","guid":{"rendered":"http:\/\/winedarksea.org\/?page_id=1956"},"modified":"2015-07-09T12:05:44","modified_gmt":"2015-07-09T17:05:44","slug":"master-menu","status":"publish","type":"page","link":"https:\/\/winedarksea.org\/?page_id=1956","title":{"rendered":"Master Menu"},"content":{"rendered":"<p>Here, for ease of navigation, is a list of all posts on the blog. Most are by Michael Witmore, some are by Jonathan Hope, and there are a few guest posts.<\/p>\n<p>They are listed here in reverse chronological order (most recent to oldest).<\/p>\n<p>This is a blog, not a refereed journal, so the material here is mixed. Some posts are written with a public audience in mind; others are repositories of links and material; others are more like notes to ourselves. Posts record what we thought at the time of posting: let\u2019s hope we know better now, eh? [JH]<\/p>\n<p>&nbsp;<\/p>\n<p><a href=\"http:\/\/winedarksea.org\/?p=2206\"><span style=\"text-decoration: underline; color: #0000ff;\">Data and Metadata<\/span><\/a><\/p>\n<p style=\"padding-left: 30px;\">Beth Ralston and Jonathan Hope (2015\/07\/09) &#8211; first release of spreadsheets with the VEP drama corpus metadata and Docuscope \u00a0 \u00a0 \u00a0 frequencies<\/p>\n<h2 class=\"entry-title\" style=\"color: #000000;\"><\/h2>\n<div class=\"entry-meta\" style=\"font-style: italic; color: #666666;\"><span style=\"color: #0000ff;\"><a href=\"http:\/\/winedarksea.org\/?p=2271\"><span style=\"color: #0000ff;\">Finding &#8220;Distances&#8221; Between Shakespeare&#8217;s Plays 2: Projecting distances onto new bases with PCA<\/span><\/a><\/span><\/div>\n<div class=\"entry-meta\" style=\"font-style: italic; color: #666666;\">\u00a0 \u00a0 \u00a0 \u00a0 \u00a0 Michael Witmore (2015\/07\/06) &#8211;<\/div>\n<div class=\"entry-meta\" style=\"font-style: italic; color: #666666;\"><\/div>\n<div class=\"entry-meta\" style=\"font-style: italic; color: #666666;\"><\/div>\n<div class=\"entry-meta\" style=\"font-style: italic; color: #666666;\"><\/div>\n<div class=\"entry-meta\" style=\"font-style: italic; color: #666666;\"><\/div>\n<div class=\"entry-meta\" style=\"font-style: italic; color: #666666;\"><\/div>\n<div class=\"entry-meta\" style=\"font-style: italic; color: #666666;\"><span style=\"text-decoration: underline;\"><span style=\"color: #0000ff;\"><a href=\"http:\/\/winedarksea.org\/?p=2225\"><span style=\"color: #0000ff;\"><em>Finding &#8220;Distances&#8221; Between Shakespeare&#8217;s Plays 1<\/em><\/span><\/a><\/span><\/span><\/div>\n<div class=\"entry-meta\" style=\"font-style: italic; color: #666666;\"><\/div>\n<div class=\"entry-meta\" style=\"font-style: italic; color: #666666;\"><em>\u00a0 \u00a0 \u00a0 \u00a0 \u00a0 Michael Witmore (2015\/06\/23) &#8211; comparing texts using PCA<\/em><\/div>\n<div class=\"entry-meta\" style=\"font-style: italic; color: #666666;\"><\/div>\n<div class=\"entry-meta\" style=\"font-style: italic; color: #666666;\"><\/div>\n<p>&nbsp;<\/p>\n<p><span style=\"color: #0000ff;\"><a title=\"Now Read This: A Thought Experiment\" href=\"http:\/\/winedarksea.org\/?p=2180\"><span style=\"color: #0000ff;\">Now Read This: A Thought Experiment<\/span><\/a><\/span><\/p>\n<p style=\"padding-left: 30px;\">Michael Witmore (2015\/04\/05) Three ways of &#8220;getting at genre&#8221;: expert report, quantitative description of linguistic patterns, and biological response.<\/p>\n<p><span style=\"color: #0000ff;\"><a href=\"http:\/\/winedarksea.org\/?p=2122\"><span style=\"color: #0000ff;\">Mapping the &#8216;Whole&#8217; of Early Modern Drama<\/span><\/a><\/span><\/p>\n<p style=\"padding-left: 30px;\">\u00a0Beth Ralston and Jonathan Hope (2015\/03\/26) Results of PCA experiments on Early Modern Drama corpus.<\/p>\n<p><span style=\"color: #0000ff;\"><a href=\"http:\/\/winedarksea.org\/?p=2111\"><span style=\"color: #0000ff;\">&#8216;the size of it all carries us along&#8217; &#8211; a new kind of literary history?<\/span><\/a><\/span><\/p>\n<p style=\"padding-left: 30px;\">\u00a0Jonathan Hope (2014\/11\/30) Materials to support Hope&#8217;s presentations at Helsinki Collegium Big Data Event 1-2 December 2014.<\/p>\n<p><span style=\"color: #0000ff;\"><a href=\"http:\/\/winedarksea.org\/?p=2082\"><span style=\"color: #0000ff;\">The Novel and Moral Philosophy 3: What Does Lennox Do with Moral Philosophy Words?<\/span><\/a><\/span><\/p>\n<p style=\"padding-left: 30px;\">\u00a0Julie Park (2014\/10\/26) Witmore&#8217;s\u00a0<span style=\"color: #000000;\">interpretation of the differences between the two topical fields we are associating\u00a0with the novel and moral philosophy.<\/span><\/p>\n<p><span style=\"color: #0000ff;\"><a href=\"http:\/\/winedarksea.org\/?p=2075\"><span style=\"color: #0000ff;\">The Novel and Moral Philosophy 2: Telling and Feeling, Aunts and Letters<\/span><\/a><\/span><\/p>\n<p style=\"padding-left: 30px;\">Julie Park (2014\/10\/25) Discussion of the eighteenth-century novel and Lennox&#8217;s Euphemia in the context of Serendip analysis.<\/p>\n<p><span style=\"color: #0000ff;\"><a href=\"http:\/\/winedarksea.org\/?p=2038\"><span style=\"color: #0000ff;\">The Novel and Moral Philosophy 1: What does Charlotte Lennox have to do with Adam Smith?<\/span><\/a><\/span><\/p>\n<p style=\"padding-left: 30px;\">Eric Alexander and Michael Witmore (2014\/10\/23) Introducing Serendip, our topic model software &#8211; and looking for the language of the\u00a0novel.<\/p>\n<p><a title=\"Digital approaches to the language of Shakespearean Tragedy\" href=\"http:\/\/winedarksea.org\/?p=2013\"><span style=\"color: #0000ff;\">Digital approaches to the language of Shakespearean tragedy<\/span><\/a><\/p>\n<p style=\"padding-left: 30px;\">Jonathan Hope (2014\/09\/09) Materials to support our paper in the <em>Oxford Handbook of Shakespearean Tragedy<\/em><\/p>\n<p><span style=\"color: #0000ff;\"><a href=\"http:\/\/winedarksea.org\/?p=1942\"><span style=\"color: #0000ff;\">Adjacencies, virtuous and vicious, and the forking paths of library research<\/span><\/a><\/span><\/p>\n<p style=\"padding-left: 30px;\">Michael Witmore \u00a0(2014\/07\/08) Browsing in open-stack libraries, PCA, subject classification, topic models<\/p>\n<p><span style=\"color: #0000ff;\"><a href=\"http:\/\/winedarksea.org\/?p=1933\"><span style=\"color: #0000ff;\">Quantification and the language of later Shakespeare<\/span><\/a><\/span><\/p>\n<p style=\"padding-left: 30px;\">Jonathan Hope (2014\/05\/07) \u00a0Links to Jonathan\u00a0Hope\u00a0et Michael\u00a0Witmore, \u00ab\u00a0Quantification and the language of later Shakespeare\u00a0\u00bb,\u00a0<em>Actes des congr\u00e8s de la Soci\u00e9t\u00e9 fran\u00e7aise Shakespeare<\/em>, 31\u00a0|\u00a02014, 123-149 \u00a0 (see the <a title=\"Publications\" href=\"http:\/\/winedarksea.org\/?page_id=1990\">publications<\/a> page for a full list of publications)<\/p>\n<p><a href=\"http:\/\/winedarksea.org\/?p=1927\"><span style=\"color: #0000ff;\"><em>Hamlet<\/em> in five words<\/span><\/a><\/p>\n<p style=\"padding-left: 30px;\">Jonathan Hope (2014\/05\/06) \u00a0Links to Jonathan Hope and Michael Witmore, \u2018<em>Hamlet<\/em> in five words\u2019 on The Globe\u2019s <em>Globe to Globe Hamlet<\/em> blog \u00a0(see the <a title=\"Publications\" href=\"http:\/\/winedarksea.org\/?page_id=1990\">publications<\/a> page for a full list of publications)<\/p>\n<p><a href=\"http:\/\/winedarksea.org\/?p=1923\"><span style=\"color: #0000ff;\">Scotland\u2019s Collections and the Digital Humanities<\/span><\/a><\/p>\n<p style=\"padding-left: 30px;\">Jonathan Hope (2014\/05\/01) \u00a0Collection of links for those starting in DH<\/p>\n<p><span style=\"color: #0000ff;\"><a href=\"http:\/\/winedarksea.org\/?p=1905\"><span style=\"color: #0000ff;\">The Future of the Humanities will be Demand-Led<\/span><\/a><\/span><\/p>\n<p style=\"padding-left: 30px;\">Michael Witmore (2014\/03\/31) &#8220;<span style=\"color: #000000;\">the driver of humanistic thinking will be people \u2013 all kinds of people \u2013 who are puzzled by the mysteries of being human and want to talk about them&#8221;.<\/span><\/p>\n<p><a href=\"http:\/\/winedarksea.org\/?p=1857\"><span style=\"color: #0000ff;\">2w90p[[8i[;;\/\/\/\/\/\/\/\/\/\/\/\/\/\/\/\/\/\/\/\/\/\/\/\/[;<\/span><\/a><\/p>\n<p style=\"padding-left: 30px;\">Jonathan Hope (2014\/03\/07) \u00a0Notes and references for a series of presentations by Hope, April-July 2014. Library and information science; hyperdimensional geometry; pictures of kittens.<\/p>\n<p><a href=\"http:\/\/winedarksea.org\/?p=1850\"><span style=\"color: #0000ff;\">#MuchAdo #AboutData<\/span><\/a><\/p>\n<p style=\"padding-left: 30px;\">Jonathan Hope, Emma Pallant, Heather Froehlich (2014\/03\/05) \u00a0 Exchanges with Emma Pallant as she rehearses <em>Much Ado<\/em><\/p>\n<p><a href=\"http:\/\/winedarksea.org\/?p=1816\"><span style=\"color: #0000ff;\"><em>Macbeth<\/em>: The State of Play<\/span><\/a><\/p>\n<p style=\"padding-left: 30px;\">Jonathan Hope (2014\/02\/20) \u00a0Publication details for Hope and Witmore, 2014, \u2018The language of <em>Macbeth<\/em>\u2019 in Ann Thompson (ed.), <em>Macbeth: The State of Play<\/em> (London: Arden) \u00a0(see the <a title=\"Publications\" href=\"http:\/\/winedarksea.org\/?page_id=1990\">publications<\/a> page for a full list of publications)<\/p>\n<p><a href=\"http:\/\/winedarksea.org\/?p=1799%20\"><span style=\"color: #0000ff;\">Visualising English Print 1530-1800, Genre Contents of the Corpus<\/span><\/a><\/p>\n<p style=\"padding-left: 30px;\">Michael Witmore (2013\/12\/12) \u00a0Overview of genre in the VEP test corpus<\/p>\n<p><a href=\"http:\/\/winedarksea.org\/?p=1770\"><span style=\"color: #0000ff;\">Visualising English Print 1530-1800: The Corpus, Tag Sets, and Topics<\/span><\/a><\/p>\n<p style=\"padding-left: 30px;\">Michael Witmore (2013\/11\/27) \u00a0VEP test corpus: VARD<\/p>\n<p><a href=\"http:\/\/winedarksea.org\/?p=1756\"><span style=\"color: #0000ff;\">Manuscript Average<\/span><\/a><\/p>\n<p style=\"padding-left: 30px;\">Michael Witmore (2013\/07\/20) A link to a post by Jesse Hurlbut about examining manuscript pages as image aggregates.<\/p>\n<p><a href=\"http:\/\/winedarksea.org\/?p=1693\"><span style=\"color: #0000ff;\">Fuzzy Structuralism<\/span><\/a><\/p>\n<p style=\"padding-left: 30px;\">Michael Witmore \u00a0(2013\/07\/20)<\/p>\n<p><a href=\"http:\/\/winedarksea.org\/?p=1639\"><span style=\"color: #0000ff;\">An Ecology of Critical Gestures: Point, Circle and Name<\/span><\/a><\/p>\n<p style=\"padding-left: 30px;\">Michael Witmore \u00a0(2013\/02\/17)<\/p>\n<p><a href=\"http:\/\/winedarksea.org\/?p=1633\"><span style=\"color: #0000ff;\">New Image from Original Post from Google Books<\/span><\/a><\/p>\n<p style=\"padding-left: 30px;\">Michael Witmore \u00a0(2013\/02\/01) An image showing changes in the catalogued subject of Library of Congress books over the course of several hundred years, supplied by John Orwant from Google.<\/p>\n<p><a href=\"http:\/\/winedarksea.org\/?p=1629\"><span style=\"color: #0000ff;\">What Is Influence?<\/span><\/a><\/p>\n<p style=\"padding-left: 30px;\">Jonathan Hope (2013\/01\/29) \u00a0How can we \u2018count\u2019 influence? Below the line contributions from Jockers and Underwood<\/p>\n<p><a href=\"http:\/\/winedarksea.org\/?p=1596\"><span style=\"color: #0000ff;\">What Happens in Hamlet?<\/span><\/a><\/p>\n<p style=\"padding-left: 30px;\">Jonathan Hope \u00a0(2012\/08\/17) \u00a0 Pronouns in <em>Hamlet<\/em><\/p>\n<p><a href=\"http:\/\/winedarksea.org\/?p=1520\"><span style=\"color: #0000ff;\">What Do People read During a Revolution?<\/span><\/a><\/p>\n<p style=\"padding-left: 30px;\">Michael Witmore, Robin Valenza \u00a0 (2012\/07\/11)<\/p>\n<p><a href=\"http:\/\/winedarksea.org\/?p=1507\"><span style=\"color: #0000ff;\">The Time Problem: Rigid Classifiers, Classifier Postmarks<\/span><\/a><\/p>\n<p style=\"padding-left: 30px;\">Michael Witmore \u00a0(2012\/04\/16)<\/p>\n<p><a href=\"http:\/\/winedarksea.org\/?p=1501\"><span style=\"color: #0000ff;\">Google Books: Ratio of Inked Space to Blank Space<\/span><\/a><\/p>\n<p style=\"padding-left: 30px;\">Michael Witmore \u00a0 (2012\/04\/14)<\/p>\n<p><a href=\"http:\/\/winedarksea.org\/?p=1487\"><span style=\"color: #0000ff;\">Shakespeare\u2019s mythic vocabulary \u2013 and his invisible grammar<\/span><\/a><\/p>\n<p style=\"padding-left: 30px;\">Jonathan Hope \u00a0(2012\/02\/14) \u00a0 Reports work on Shakespeare\u2019s vocabulary by Hugh Craig, Elliott and Valenza<\/p>\n<p><a href=\"http:\/\/winedarksea.org\/?p=1440\"><span style=\"color: #0000ff;\">The very strange language of <em>A Midsummer Night\u2019s Dream<\/em><\/span><\/a><\/p>\n<p style=\"padding-left: 30px;\">Jonathan Hope \u00a0(2012\/02\/06 ) \u00a0Why is the language of <em>MSND<\/em> unlike that of other plays?<\/p>\n<p><a href=\"http:\/\/winedarksea.org\/?p=1433\"><span style=\"color: #0000ff;\">What did Stanley Fish count, and when did he start counting it?<\/span><\/a><\/p>\n<p style=\"padding-left: 30px;\">Michael Witmore \u00a0(2012\/01\/27)<\/p>\n<p><a href=\"http:\/\/winedarksea.org\/?p=1285\"><span style=\"color: #0000ff;\">Visualising linguistic variation with LATtice<\/span><\/a><\/p>\n<p style=\"padding-left: 30px;\">Anupam Basu (2011\/11\/29) \u00a0 \u00a0Download LATtice!<\/p>\n<p><a href=\"http:\/\/winedarksea.org\/?p=1335\"><span style=\"color: #0000ff;\">Tokens of impersonation in Dekker\u2019s City Comedies<\/span><\/a><\/p>\n<p style=\"padding-left: 30px;\">Mattie Burkert (2011\/11\/19)<\/p>\n<p><a href=\"http:\/\/winedarksea.org\/?p=1192\"><span style=\"color: #0000ff;\">Finding the Sherlock in Shakespeare: some ideas about prose genre and linguistic uniqueness<\/span><\/a><\/p>\n<p style=\"padding-left: 30px;\">Victor Lenthe \u00a0(2011\/10\/29)<\/p>\n<p><a href=\"http:\/\/winedarksea.org\/?p=1178\"><span style=\"color: #0000ff;\">Why the difference? Accounting for variation between Folio and Globe editions of Shakespeare\u2019s plays<\/span><\/a><\/p>\n<p style=\"padding-left: 30px;\">Jason Whitt \u00a0 (2011\/10\/21)<\/p>\n<p><a href=\"http:\/\/winedarksea.org\/?p=1076\"><span style=\"color: #0000ff;\">The comic \u2018I\u2019 and the tragic \u2018we\u2019?<\/span><\/a><\/p>\n<p style=\"padding-left: 30px;\">Jonathan Hope (2011\/10\/21) \u00a0 Genre and pronouns<\/p>\n<p><a href=\"http:\/\/winedarksea.org\/?p=999\"><span style=\"color: #0000ff;\">Phylogenetic influence<\/span><\/a><\/p>\n<p style=\"padding-left: 30px;\">Jonathan Hope \u00a0(2011\/05\/12) \u00a0 Can we use biological models in linguistic analysis?<\/p>\n<p><a href=\"http:\/\/winedarksea.org\/?p=979%20\"><span style=\"color: #0000ff;\">The ancestral text<\/span><\/a><\/p>\n<p style=\"padding-left: 30px;\">Michael Witmore \u00a0(2011\/05\/09)<\/p>\n<p><a href=\"http:\/\/winedarksea.org\/?p=937\"><span style=\"color: #0000ff;\">Lost books, \u201cMissing Matter\u201d, and the Google 1-gram corpus<\/span><\/a><\/p>\n<p style=\"padding-left: 30px;\">Michael Witmore \u00a0(2011\/01\/03)<\/p>\n<p><a href=\"http:\/\/winedarksea.org\/?p=926\"><span style=\"color: #0000ff;\">Text: a massively addressable object<\/span><\/a><\/p>\n<p style=\"padding-left: 30px;\">Michael Witmore (2010\/12\/31)<\/p>\n<p><a href=\"http:\/\/winedarksea.org\/?p=915\"><span style=\"color: #0000ff;\">Text as probability clouds<\/span><\/a><\/p>\n<p style=\"padding-left: 30px;\">Michael Witmore \u00a0 (2010\/12\/26)<\/p>\n<p><a href=\"http:\/\/winedarksea.org\/?p=895\"><span style=\"color: #0000ff;\">Google n-grams and philosophy: use versus mention<\/span><\/a><\/p>\n<p style=\"padding-left: 30px;\">Michael Witmore \u00a0(2010\/12\/17)<\/p>\n<p><a href=\"http:\/\/winedarksea.org\/?p=881\"><span style=\"color: #0000ff;\">Shakespeare Quarterly article goes live<\/span><\/a><\/p>\n<p style=\"padding-left: 30px;\">Michael Witmore \u00a0(2010\/10\/22)\u00a0(see the <a title=\"Publications\" href=\"http:\/\/winedarksea.org\/?page_id=1990\">publications<\/a> page for a full list of publications)<\/p>\n<p><a href=\"http:\/\/winedarksea.org\/?p=870\"><span style=\"color: #0000ff;\">Adding knobs to the analysis<\/span><\/a><\/p>\n<p style=\"padding-left: 30px;\">Michael Witmore \u00a0(2010\/10\/18)<\/p>\n<p><a href=\"http:\/\/winedarksea.org\/?p=816\"><span style=\"color: #0000ff;\">Shakespeare Quarterly 61.3 Figures<\/span><\/a><\/p>\n<p style=\"padding-left: 30px;\">Michael Witmore \u00a0(2010\/09\/09) \u00a0(see the <a title=\"Publications\" href=\"http:\/\/winedarksea.org\/?page_id=1990\">publications<\/a> page for a full list of publications)<\/p>\n<p><a href=\"http:\/\/winedarksea.org\/?p=801\"><span style=\"color: #0000ff;\">Shakespeare out of place?<\/span><\/a><\/p>\n<p style=\"padding-left: 30px;\">Michael Witmore \u00a0 (2010\/09\/03)<\/p>\n<p><a href=\"http:\/\/winedarksea.org\/?p=791\"><span style=\"color: #0000ff;\">Crowdsourced peer review in NY Times<\/span><\/a><\/p>\n<p style=\"padding-left: 30px;\">Michael Witmore \u00a0(2010\/08\/24)<\/p>\n<p><a href=\"http:\/\/winedarksea.org\/?p=786\"><span style=\"color: #0000ff;\">Penalty kicks and distributed movement<\/span><\/a><\/p>\n<p style=\"padding-left: 30px;\">Michael Witmore \u00a0 (2010\/07\/29)<\/p>\n<p><a href=\"http:\/\/winedarksea.org\/?p=751%20\"><span style=\"color: #0000ff;\">Genre dependence on character ideolects?<\/span><\/a><\/p>\n<p style=\"padding-left: 30px;\">Mike Stumpf \u00a0 (2010\/07\/29)<\/p>\n<p><a href=\"http:\/\/winedarksea.org\/?p=727\"><span style=\"color: #0000ff;\">Presentation at London Forum for Authorship Studies\/Digital Text and Scholarship seminar<\/span><\/a><\/p>\n<p style=\"padding-left: 30px;\">Michael Witmore \u00a0 (2010\/05\/27)<\/p>\n<p><a href=\"http:\/\/winedarksea.org\/?p=707\"><span style=\"color: #0000ff;\">Docuscope goes live on Shakespeare Quarterly open peer review<\/span><\/a><\/p>\n<p style=\"padding-left: 30px;\">Michael Witmore \u00a0 (2010\/03\/14)<\/p>\n<p><a href=\"http:\/\/winedarksea.org\/?p=682\"><span style=\"color: #0000ff;\">Early and late Plato II: The Apology and The Timaeus<\/span><\/a><\/p>\n<p style=\"padding-left: 30px;\">Michael Witmore \u00a0 (2010\/03\/14)<\/p>\n<p><a href=\"http:\/\/winedarksea.org\/?p=648\"><span style=\"color: #0000ff;\">Platonic dialogues and the \u2018Two Socrates\u2019<\/span><\/a><\/p>\n<p style=\"padding-left: 30px;\">Michael Witmore \u00a0(2010\/02\/03)<\/p>\n<p><a href=\"http:\/\/winedarksea.org\/?p=600\"><span style=\"color: #0000ff;\">The funniest thing Shakespeare wrote? 767 pieces of the plays<\/span><\/a><\/p>\n<p style=\"padding-left: 30px;\">Michael Witmore \u00a0(2010\/01\/15)<\/p>\n<p><a href=\"http:\/\/winedarksea.org\/?p=567\"><span style=\"color: #0000ff;\">Clustering the plays without Principal Components<\/span><\/a><\/p>\n<p style=\"padding-left: 30px;\">Michael Witmore \u00a0(2009\/12\/15)<\/p>\n<p><a href=\"http:\/\/winedarksea.org\/?p=519\"><span style=\"color: #0000ff;\">Shakespearean dendrograms<\/span><\/a><\/p>\n<p style=\"padding-left: 30px;\">Michael Witmore \u00a0 (2009\/11\/29)<\/p>\n<p><a href=\"http:\/\/winedarksea.org\/?p=510%20\"><span style=\"color: #0000ff;\">Local versus diffused variation; the Hinman collator<\/span><\/a><\/p>\n<p style=\"padding-left: 30px;\">Michael Witmore \u00a0(2009\/11\/25)<\/p>\n<p><a href=\"http:\/\/winedarksea.org\/?p=481\"><span style=\"color: #0000ff;\">Pre-digital iteration: the Lindstrand Comparator<\/span><\/a><\/p>\n<p style=\"padding-left: 30px;\">Michael Witmore \u00a0 (2009\/11\/08)<\/p>\n<p><a href=\"http:\/\/winedarksea.org\/?p=461\"><span style=\"color: #0000ff;\"><em>Edward III<\/em>, Shakespearean trigrams, and Trillin\u2019s Derivatives<\/span><\/a><\/p>\n<p style=\"padding-left: 30px;\">Michael Witmore \u00a0(2009\/10\/14)<\/p>\n<p><a href=\"http:\/\/winedarksea.org\/?p=452\"><span style=\"color: #0000ff;\">Rhythm quants: Burial, click tracks, genre tempo<\/span><\/a><\/p>\n<p style=\"padding-left: 30px;\">Michael Witmore \u00a0 (2009\/10\/05)<\/p>\n<p><a href=\"http:\/\/winedarksea.org\/?p=444\"><span style=\"color: #0000ff;\">Keeping the game in your head: David Ortiz<\/span><\/a><\/p>\n<p style=\"padding-left: 30px;\">Michael Witmore \u00a0 (2009\/09\/29)<\/p>\n<p><a href=\"http:\/\/winedarksea.org\/?p=442\"><span style=\"color: #0000ff;\">Four-syllable rock n\u2019 roll<\/span><\/a><\/p>\n<p style=\"padding-left: 30px;\">Michael Witmore \u00a0 (2009\/09\/21)<\/p>\n<p><a href=\"http:\/\/winedarksea.org\/?p=381\"><span style=\"color: #0000ff;\">Texts as objects II: Object Oriented Philosophy. And Criticism?<\/span><\/a><\/p>\n<p style=\"padding-left: 30px;\">Michael Witmore \u00a0(2009\/09\/17)<\/p>\n<p><a href=\"http:\/\/winedarksea.org\/?p=339\"><span style=\"color: #0000ff;\">Texts as objects I: Object Oriented Philosophy. And Criticism?<\/span><\/a><\/p>\n<p style=\"padding-left: 30px;\">Michael Witmore \u00a0 (2009\/09\/11)<\/p>\n<p><a href=\"http:\/\/winedarksea.org\/?p=266\"><span style=\"color: #0000ff;\">More Shakespeare outliers<\/span><\/a><\/p>\n<p style=\"padding-left: 30px;\">Michael Witmore \u00a0 (2009\/09\/09)<\/p>\n<p><a href=\"http:\/\/winedarksea.org\/?p=228\"><span style=\"color: #0000ff;\">Comic <em>Twelfth Night<\/em>, Tragic <em>Othello<\/em> (part III)<\/span><\/a><\/p>\n<p style=\"padding-left: 30px;\">Michael Witmore \u00a0 (2009\/08\/20)<\/p>\n<p><a href=\"http:\/\/winedarksea.org\/?p=212%20\"><span style=\"color: #0000ff;\">The musical mood of the country<\/span><\/a><\/p>\n<p style=\"padding-left: 30px;\">Michael Witmore \u00a0 (2009\/08\/06)<\/p>\n<p><a href=\"http:\/\/winedarksea.org\/?p=198\"><span style=\"color: #0000ff;\">Comic <em>Twelfth Night<\/em>, Tragic <em>Othello<\/em> (part II)<\/span><\/a><\/p>\n<p style=\"padding-left: 30px;\">Michael Witmore \u00a0(2009\/08\/02)<\/p>\n<p><a href=\"http:\/\/winedarksea.org\/?p=142\"><span style=\"color: #0000ff;\">Comic <em>Twelfth Night<\/em>, Tragic <em>Othello<\/em> (part I)<\/span><\/a><\/p>\n<p style=\"padding-left: 30px;\">Michael Witmore \u00a0 (2009\/07\/31)<\/p>\n<p><a href=\"http:\/\/winedarksea.org\/?p=113%20\"><span style=\"color: #0000ff;\"><em>Love\u2019s Labour\u2019s Lost<\/em>: the History<\/span><\/a><\/p>\n<p style=\"padding-left: 30px;\">Michael Witmore \u00a0(2009\/07\/20)<\/p>\n<p><a href=\"http:\/\/winedarksea.org\/?p=69\"><span style=\"color: #0000ff;\">An untimely piece of <em>Richard II<\/em><\/span><\/a><\/p>\n<p style=\"padding-left: 30px;\">Michael Witmore \u00a0 (2009\/07\/08)<\/p>\n<p><a href=\"http:\/\/winedarksea.org\/?p=40\"><span style=\"color: #0000ff;\">A genre map of Shakespeare\u2019s plays from the First Folio (1623)<\/span><\/a><\/p>\n<p style=\"padding-left: 30px;\">Michael Witmore \u00a0(2009\/07\/07)<\/p>\n<p><a href=\"http:\/\/winedarksea.org\/?p=22\"><span style=\"color: #0000ff;\">Spectralism, Maya Lin show at Corcoran<\/span><\/a><\/p>\n<p style=\"padding-left: 30px;\">Michael Witmore \u00a0(2009\/07\/03)<\/p>\n<p><a href=\"http:\/\/winedarksea.org\/?p=20%20\"><span style=\"color: #0000ff;\">King or no [King]<\/span><\/a><\/p>\n<p style=\"padding-left: 30px;\">Michael Witmore \u00a0(2009\/07\/02)<\/p>\n<p><a href=\"http:\/\/winedarksea.org\/?p=1\"><span style=\"color: #0000ff;\">The plunge<\/span><\/a><\/p>\n<p style=\"padding-left: 30px;\">Michael Witmore \u00a0(2009\/06\/22) Introduction to the nature of the winedarksea.<\/p>\n<p>&nbsp;<\/p>\n","protected":false},"excerpt":{"rendered":"<p>Here, for ease of navigation, is a list of all posts on the blog. Most are by Michael Witmore, some are by Jonathan Hope, and there are a few guest posts. They are listed here in reverse chronological order (most recent to oldest). This is a blog, not a refereed journal, so the material here [&hellip;]<\/p>\n","protected":false},"author":4,"featured_media":0,"parent":0,"menu_order":0,"comment_status":"open","ping_status":"closed","template":"","meta":{"footnotes":""},"class_list":["post-1956","page","type-page","status-publish","hentry"],"_links":{"self":[{"href":"https:\/\/winedarksea.org\/index.php?rest_route=\/wp\/v2\/pages\/1956","targetHints":{"allow":["GET"]}}],"collection":[{"href":"https:\/\/winedarksea.org\/index.php?rest_route=\/wp\/v2\/pages"}],"about":[{"href":"https:\/\/winedarksea.org\/index.php?rest_route=\/wp\/v2\/types\/page"}],"author":[{"embeddable":true,"href":"https:\/\/winedarksea.org\/index.php?rest_route=\/wp\/v2\/users\/4"}],"replies":[{"embeddable":true,"href":"https:\/\/winedarksea.org\/index.php?rest_route=%2Fwp%2Fv2%2Fcomments&post=1956"}],"version-history":[{"count":59,"href":"https:\/\/winedarksea.org\/index.php?rest_route=\/wp\/v2\/pages\/1956\/revisions"}],"predecessor-version":[{"id":2400,"href":"https:\/\/winedarksea.org\/index.php?rest_route=\/wp\/v2\/pages\/1956\/revisions\/2400"}],"wp:attachment":[{"href":"https:\/\/winedarksea.org\/index.php?rest_route=%2Fwp%2Fv2%2Fmedia&parent=1956"}],"curies":[{"name":"wp","href":"https:\/\/api.w.org\/{rel}","templated":true}]}}